{"id":3,"date":"2024-01-17T16:05:09","date_gmt":"2024-01-17T16:05:09","guid":{"rendered":"https:\/\/www.stadiumapartments.fi\/?page_id=3"},"modified":"2024-05-05T15:07:39","modified_gmt":"2024-05-05T12:07:39","slug":"privacy-policy","status":"publish","type":"page","link":"https:\/\/www.stadiumapartments.fi\/en\/privacy-policy\/","title":{"rendered":"Privacy policy"},"content":{"rendered":"<div data-elementor-type=\"wp-page\" data-elementor-id=\"3\" class=\"elementor elementor-3\" data-elementor-post-type=\"page\">\n\t\t\t\t<div class=\"elementor-element elementor-element-4bcc1aa4 e-flex e-con-boxed e-con e-parent\" data-id=\"4bcc1aa4\" data-element_type=\"container\">\n\t\t\t\t\t<div class=\"e-con-inner\">\n\t\t\t\t<div class=\"elementor-element elementor-element-5b209543 elementor-widget elementor-widget-text-editor\" data-id=\"5b209543\" data-element_type=\"widget\" data-widget_type=\"text-editor.default\">\n\t\t\t\t<div class=\"elementor-widget-container\">\n\t\t\t<style>\/*! elementor - v3.21.0 - 25-04-2024 *\/\n.elementor-widget-text-editor.elementor-drop-cap-view-stacked .elementor-drop-cap{background-color:#69727d;color:#fff}.elementor-widget-text-editor.elementor-drop-cap-view-framed .elementor-drop-cap{color:#69727d;border:3px solid;background-color:transparent}.elementor-widget-text-editor:not(.elementor-drop-cap-view-default) .elementor-drop-cap{margin-top:8px}.elementor-widget-text-editor:not(.elementor-drop-cap-view-default) .elementor-drop-cap-letter{width:1em;height:1em}.elementor-widget-text-editor .elementor-drop-cap{float:left;text-align:center;line-height:1;font-size:50px}.elementor-widget-text-editor .elementor-drop-cap-letter{display:inline-block}<\/style>\t\t\t\t<p><strong>Privacy policy 05.05.2024<\/strong><\/p>\n<p>\u00a0<\/p>\n<p>Controller<\/p>\n<p>Company:Tornion accommodation and facility rental Oy<\/p>\n<p>Business ID: 3416591-1<\/p>\n<p>Address: Kourilehdontie 438, 95520 Tornio, Finland<\/p>\n<p>\u00a0<\/p>\n<p>Person keeping the register: Jaakko Pelimanni<\/p>\n<p>Email: info@stadiumapartments.fi<\/p>\n<p>tel: +358 405308070<\/p>\n<p>\u00a0<\/p>\n<p>I collect personal data for the purpose of managing the customer relationship. The processing of personal data is based on legitimate interests and legal obligations.<\/p>\n<p>\u00a0<\/p>\n<p>I also collect information for marketing purposes. The legal basis for processing personal data is consent.<\/p>\n<p>\u00a0<\/p>\n<p>I do not profile users and make automated decisions about them.<\/p>\n<p>\u00a0<\/p>\n<p>The recipients of your personal data<\/p>\n<p>- our company, that is, myself<\/p>\n<p>- yourself, if we talk e.g. by email<\/p>\n<p>\u00a0<\/p>\n<p>We keep your personal data:<\/p>\n<p>- in the email archive for seven years<\/p>\n<p>- in the accounting records for seven years.<\/p>\n<p>\u00a0<\/p>\n<p>You have the following rights:<\/p>\n<p>- the right to inspect personal data concerning you<\/p>\n<p>- the right to rectification of data<\/p>\n<p>- the right to restrict processing (for example, you can refuse marketing)<\/p>\n<p>- the right to object to processing<\/p>\n<p>- the right to withdraw consent (for example, you can withdraw your consent to marketing)<\/p>\n<p>- the right to lodge a complaint with a supervisory authority<\/p>\n<p>\u00a0<\/p>\n<p>Please note that you only have a \"right to be forgotten\" if we are not under a legal obligation to continue processing your personal data.<\/p>\t\t\t\t\t\t<\/div>\n\t\t\t\t<\/div>\n\t\t\t\t\t<\/div>\n\t\t\t\t<\/div>\n\t\t\t\t<\/div>","protected":false},"excerpt":{"rendered":"<p>Tietosuojaseloste 05.05.2024 \u00a0 Rekisterinpit\u00e4j\u00e4 Yritys: Tornion majoitus ja tilavuokraus Oy Y-tunnus: \u00a0\u00a03416591-1 Osoite: Kourilehdontie 438, 95520 Tornio \u00a0 Henkil\u00f6, joka pit\u00e4\u00e4 rekisteri\u00e4: Jaakko Pelimanni S\u00e4hk\u00f6posti: info@stadiumapartments.fi puhelin: +358 405308070 \u00a0 Ker\u00e4\u00e4n henkil\u00f6tietoja asiakassuhteen hoitamista varten. Henkil\u00f6tietojen k\u00e4sittelyn perusteena on oikeutettu etu ja lakis\u00e4\u00e4teiset velvoitteet. \u00a0 Ker\u00e4\u00e4n tietoja my\u00f6s markkinointia varten. Henkil\u00f6tietojen k\u00e4sittelyn oikeusperusteena on suostumus. [&hellip;]<\/p>","protected":false},"author":1,"featured_media":0,"parent":0,"menu_order":0,"comment_status":"closed","ping_status":"closed","template":"","meta":{"site-sidebar-layout":"default","site-content-layout":"","ast-site-content-layout":"default","site-content-style":"default","site-sidebar-style":"default","ast-global-header-display":"","ast-banner-title-visibility":"","ast-main-header-display":"","ast-hfb-above-header-display":"","ast-hfb-below-header-display":"","ast-hfb-mobile-header-display":"","site-post-title":"","ast-breadcrumbs-content":"","ast-featured-img":"","footer-sml-layout":"","theme-transparent-header-meta":"disabled","adv-header-id-meta":"","stick-header-meta":"","header-above-stick-meta":"","header-main-stick-meta":"","header-below-stick-meta":"","astra-migrate-meta-layouts":"set","ast-page-background-enabled":"default","ast-page-background-meta":{"desktop":{"background-color":"","background-image":"","background-repeat":"repeat","background-position":"center center","background-size":"auto","background-attachment":"scroll","background-type":"","background-media":"","overlay-type":"","overlay-color":"","overlay-opacity":"","overlay-gradient":""},"tablet":{"background-color":"","background-image":"","background-repeat":"repeat","background-position":"center center","background-size":"auto","background-attachment":"scroll","background-type":"","background-media":"","overlay-type":"","overlay-color":"","overlay-opacity":"","overlay-gradient":""},"mobile":{"background-color":"","background-image":"","background-repeat":"repeat","background-position":"center center","background-size":"auto","background-attachment":"scroll","background-type":"","background-media":"","overlay-type":"","overlay-color":"","overlay-opacity":"","overlay-gradient":""}},"ast-content-background-meta":{"desktop":{"background-color":"var(--ast-global-color-5)","background-image":"","background-repeat":"repeat","background-position":"center center","background-size":"auto","background-attachment":"scroll","background-type":"","background-media":"","overlay-type":"","overlay-color":"","overlay-opacity":"","overlay-gradient":""},"tablet":{"background-color":"var(--ast-global-color-5)","background-image":"","background-repeat":"repeat","background-position":"center center","background-size":"auto","background-attachment":"scroll","background-type":"","background-media":"","overlay-type":"","overlay-color":"","overlay-opacity":"","overlay-gradient":""},"mobile":{"background-color":"var(--ast-global-color-5)","background-image":"","background-repeat":"repeat","background-position":"center center","background-size":"auto","background-attachment":"scroll","background-type":"","background-media":"","overlay-type":"","overlay-color":"","overlay-opacity":"","overlay-gradient":""}},"footnotes":""},"aioseo_notices":[],"_links":{"self":[{"href":"https:\/\/www.stadiumapartments.fi\/en\/wp-json\/wp\/v2\/pages\/3"}],"collection":[{"href":"https:\/\/www.stadiumapartments.fi\/en\/wp-json\/wp\/v2\/pages"}],"about":[{"href":"https:\/\/www.stadiumapartments.fi\/en\/wp-json\/wp\/v2\/types\/page"}],"author":[{"embeddable":true,"href":"https:\/\/www.stadiumapartments.fi\/en\/wp-json\/wp\/v2\/users\/1"}],"replies":[{"embeddable":true,"href":"https:\/\/www.stadiumapartments.fi\/en\/wp-json\/wp\/v2\/comments?post=3"}],"version-history":[{"count":4,"href":"https:\/\/www.stadiumapartments.fi\/en\/wp-json\/wp\/v2\/pages\/3\/revisions"}],"predecessor-version":[{"id":2555,"href":"https:\/\/www.stadiumapartments.fi\/en\/wp-json\/wp\/v2\/pages\/3\/revisions\/2555"}],"wp:attachment":[{"href":"https:\/\/www.stadiumapartments.fi\/en\/wp-json\/wp\/v2\/media?parent=3"}],"curies":[{"name":"wp","href":"https:\/\/api.w.org\/{rel}","templated":true}]}}